{"id":96,"date":"2024-05-30T19:37:45","date_gmt":"2024-05-30T16:37:45","guid":{"rendered":"https:\/\/tiberium-wp-staging.azurewebsites.net\/?page_id=96"},"modified":"2025-06-03T13:38:04","modified_gmt":"2025-06-03T10:38:04","slug":"landing","status":"publish","type":"page","link":"https:\/\/tiberium.lv\/lv\/","title":{"rendered":"Landing"},"content":{"rendered":"<p>[et_pb_section fb_built=&#8221;1&#8243; admin_label=&#8221;Header&#8221; _builder_version=&#8221;4.22.1&#8243; _module_preset=&#8221;default&#8221; background_color=&#8221;#000000&#8243; collapsed=&#8221;on&#8221; global_colors_info=&#8221;{}&#8221;][et_pb_row column_structure=&#8221;3_5,2_5&#8243; _builder_version=&#8221;4.24.2&#8243; _module_preset=&#8221;default&#8221; global_colors_info=&#8221;{}&#8221;][et_pb_column type=&#8221;3_5&#8243; _builder_version=&#8221;4.24.2&#8243; _module_preset=&#8221;default&#8221; custom_padding=&#8221;80px||||false|false&#8221; custom_padding_tablet=&#8221;0px||||false|false&#8221; custom_padding_phone=&#8221;||||false|false&#8221; custom_padding_last_edited=&#8221;on|desktop&#8221; global_colors_info=&#8221;{}&#8221;][et_pb_text _builder_version=&#8221;4.27.0&#8243; _module_preset=&#8221;57a1fcfe-4417-4ce3-a8b4-425560120bae&#8221; header_4_text_color=&#8221;gcid-afa30cf2-6f5d-4b9c-aa39-7dbe1ac3b7a3&#8243; global_colors_info=&#8221;{%22gcid-afa30cf2-6f5d-4b9c-aa39-7dbe1ac3b7a3%22:%91%22header_4_text_color%22%93}&#8221;]<\/p>\n<h4>Atkl\u0101jiet savu m\u0101ko\u0146a potenci\u0101lu\u00a0<\/h4>\n<p>[\/et_pb_text][et_pb_text _builder_version=&#8221;4.24.2&#8243; _module_preset=&#8221;a975d96e-ce1e-4add-802f-a8626fd68396&#8243; header_text_color=&#8221;#FFFFFF&#8221; global_colors_info=&#8221;{}&#8221;]<\/p>\n<h1><span>Papla\u0161iniet savu biznesu ar izciliem m\u0101ko\u0146risin\u0101jumiem<\/span><\/h1>\n<p>[\/et_pb_text][\/et_pb_column][et_pb_column type=&#8221;2_5&#8243; _builder_version=&#8221;4.22.1&#8243; _module_preset=&#8221;default&#8221; global_colors_info=&#8221;{}&#8221;][et_pb_image src=&#8221;\/wp-content\/uploads\/2024\/05\/augmented-reality-illustration-03@2x.png&#8221; title_text=&#8221;augmented-reality-illustration-03@2x&#8221; _builder_version=&#8221;4.27.0&#8243; _module_preset=&#8221;default&#8221; custom_margin=&#8221;|-10vw|||false|false&#8221; custom_margin_tablet=&#8221;|0vw||0vw|false|true&#8221; custom_margin_phone=&#8221;|0vw||0vw|false|true&#8221; custom_margin_last_edited=&#8221;on|tablet&#8221; scroll_fade_enable=&#8221;on&#8221; scroll_fade=&#8221;0|40|40|100|100%|100|30%&#8221; scroll_scaling_enable=&#8221;on&#8221; scroll_scaling=&#8221;0|50|50|100|100%|100|110%&#8221; scroll_blur_enable=&#8221;on&#8221; scroll_blur=&#8221;0|40|60|100|0px|0px|10px&#8221; motion_trigger_start=&#8221;bottom&#8221; global_colors_info=&#8221;{}&#8221;][\/et_pb_image][\/et_pb_column][\/et_pb_row][\/et_pb_section][et_pb_section fb_built=&#8221;1&#8243; admin_label=&#8221;Features&#8221; _builder_version=&#8221;4.25.1&#8243; _module_preset=&#8221;default&#8221; background_color=&#8221;#000000&#8243; locked=&#8221;off&#8221; collapsed=&#8221;on&#8221; global_colors_info=&#8221;{}&#8221;][et_pb_row _builder_version=&#8221;4.22.1&#8243; _module_preset=&#8221;default&#8221; global_colors_info=&#8221;{}&#8221;][et_pb_column type=&#8221;4_4&#8243; _builder_version=&#8221;4.22.1&#8243; _module_preset=&#8221;default&#8221; global_colors_info=&#8221;{}&#8221;][et_pb_text _builder_version=&#8221;4.22.1&#8243; _module_preset=&#8221;d3977404-54ba-4972-9e75-b10c18ffd541&#8243; header_2_text_color=&#8221;#FFFFFF&#8221; global_colors_info=&#8221;{}&#8221;]<\/p>\n<h2>Ko m\u0113s pied\u0101v\u0101jam<\/h2>\n<p>[\/et_pb_text][\/et_pb_column][\/et_pb_row][et_pb_row column_structure=&#8221;1_3,1_3,1_3&#8243; make_equal=&#8221;on&#8221; _builder_version=&#8221;4.27.0&#8243; _module_preset=&#8221;default&#8221; global_colors_info=&#8221;{}&#8221;][et_pb_column type=&#8221;1_3&#8243; _builder_version=&#8221;4.24.2&#8243; _module_preset=&#8221;default&#8221; custom_padding=&#8221;30px|30px|30px|30px|true|true&#8221; custom_padding_tablet=&#8221;30px|30px|30px|30px|true|true&#8221; custom_padding_phone=&#8221;20px|20px|20px|20px|true|true&#8221; custom_padding_last_edited=&#8221;on|phone&#8221; border_radii=&#8221;on|10px|10px|10px|10px&#8221; border_width_all=&#8221;1px&#8221; border_color_all=&#8221;gcid-a4405f6c-a1ea-4782-80a8-25c182da384f&#8221; global_colors_info=&#8221;{%22gcid-a4405f6c-a1ea-4782-80a8-25c182da384f%22:%91%22border_color_all%22%93}&#8221; border_color_all__hover=&#8221;#FFFFFF&#8221; border_color_all__hover_enabled=&#8221;on|hover&#8221; background__hover_enabled=&#8221;off|hover&#8221;][et_pb_image src=&#8221;https:\/\/tiberiumwp-92959741ee94be09-endpoint.azureedge.net\/blobtiberiumwp63346bdf0a\/wp-content\/uploads\/2024\/09\/Microsoft_Azure.svg_-150&#215;150.png&#8221; title_text=&#8221;Microsoft_Azure.svg&#8221; _builder_version=&#8221;4.27.0&#8243; _module_preset=&#8221;default&#8221; max_width=&#8221;48px&#8221; max_height=&#8221;48px&#8221; global_colors_info=&#8221;{}&#8221;][\/et_pb_image][et_pb_text _builder_version=&#8221;4.22.1&#8243; _module_preset=&#8221;6b4acfd2-c84f-4149-9939-815a51132853&#8243; header_4_text_color=&#8221;gcid-afa30cf2-6f5d-4b9c-aa39-7dbe1ac3b7a3&#8243; custom_margin=&#8221;||10px||false|false&#8221; global_colors_info=&#8221;{%22gcid-afa30cf2-6f5d-4b9c-aa39-7dbe1ac3b7a3%22:%91%22header_4_text_color%22%93}&#8221;]<\/p>\n<h4>M\u0101ko\u0146pakalpojumu integr\u0101cija<\/h4>\n<p>[\/et_pb_text][et_pb_text _builder_version=&#8221;4.27.0&#8243; _module_preset=&#8221;6dfc4a2b-0bd2-442a-90bb-bacbbe2f75ff&#8221; text_text_color=&#8221;#FFFFFF&#8221; global_colors_info=&#8221;{}&#8221;]Our dedicated team at TIBERIUM is ready to assist you in seamlessly integrating AZURE cloud services into your organizational framework, boosting your operational efficiency while enhancing scalability and fortifying your data security.[\/et_pb_text][\/et_pb_column][et_pb_column type=&#8221;1_3&#8243; _builder_version=&#8221;4.24.2&#8243; _module_preset=&#8221;default&#8221; custom_padding=&#8221;30px|30px|30px|30px|true|true&#8221; custom_padding_tablet=&#8221;30px|30px|30px|30px|true|true&#8221; custom_padding_phone=&#8221;20px|20px|20px|20px|true|true&#8221; custom_padding_last_edited=&#8221;on|phone&#8221; border_radii=&#8221;on|10px|10px|10px|10px&#8221; border_width_all=&#8221;1px&#8221; border_color_all=&#8221;rgba(255,255,255,0.4)&#8221; global_colors_info=&#8221;{}&#8221; border_color_all__hover_enabled=&#8221;on|hover&#8221; border_color_all__hover=&#8221;#FFFFFF&#8221; background__hover_enabled=&#8221;off|hover&#8221; background_color__hover=&#8221;rgba(255,255,255,0.1)&#8221; background_enable_color__hover=&#8221;on&#8221;][et_pb_image src=&#8221;\/wp-content\/uploads\/2024\/05\/Augmented-Reality_Icon-@2x-18.png&#8221; title_text=&#8221;Augmented-Reality_Icon-@2x-18&#8243; _builder_version=&#8221;4.27.0&#8243; _module_preset=&#8221;default&#8221; max_width=&#8221;48px&#8221; max_height=&#8221;48px&#8221; global_colors_info=&#8221;{}&#8221;][\/et_pb_image][et_pb_text _builder_version=&#8221;4.27.0&#8243; _module_preset=&#8221;6b4acfd2-c84f-4149-9939-815a51132853&#8243; header_4_text_color=&#8221;gcid-afa30cf2-6f5d-4b9c-aa39-7dbe1ac3b7a3&#8243; custom_margin=&#8221;||10px||false|false&#8221; global_colors_info=&#8221;{%22gcid-afa30cf2-6f5d-4b9c-aa39-7dbe1ac3b7a3%22:%91%22header_4_text_color%22%93}&#8221;]<\/p>\n<h4>Web dizains<\/h4>\n<p>[\/et_pb_text][et_pb_text _builder_version=&#8221;4.27.0&#8243; _module_preset=&#8221;6dfc4a2b-0bd2-442a-90bb-bacbbe2f75ff&#8221; text_text_color=&#8221;#FFFFFF&#8221; global_colors_info=&#8221;{}&#8221;]We offer tailored websites that reflect your identity and engage visitors. Improving your online presence can give you the competitive edge you need. [\/et_pb_text][\/et_pb_column][et_pb_column type=&#8221;1_3&#8243; _builder_version=&#8221;4.24.2&#8243; _module_preset=&#8221;default&#8221; custom_padding=&#8221;30px|30px|30px|30px|true|true&#8221; custom_padding_tablet=&#8221;30px|30px|30px|30px|true|true&#8221; custom_padding_phone=&#8221;20px|20px|20px|20px|true|true&#8221; custom_padding_last_edited=&#8221;on|phone&#8221; border_radii=&#8221;on|10px|10px|10px|10px&#8221; border_width_all=&#8221;1px&#8221; border_color_all=&#8221;gcid-a4405f6c-a1ea-4782-80a8-25c182da384f&#8221; global_colors_info=&#8221;{%22gcid-a4405f6c-a1ea-4782-80a8-25c182da384f%22:%91%22border_color_all%22%93}&#8221; border_color_all__hover=&#8221;#FFFFFF&#8221; border_color_all__hover_enabled=&#8221;on|desktop&#8221; background__hover_enabled=&#8221;off|hover&#8221;][et_pb_image src=&#8221;\/wp-content\/uploads\/2024\/05\/Augmented-Reality_Icon-@2x-6.png&#8221; title_text=&#8221;Augmented-Reality_Icon-@2x-6&#8243; _builder_version=&#8221;4.27.0&#8243; _module_preset=&#8221;default&#8221; max_width=&#8221;48px&#8221; max_height=&#8221;48px&#8221; global_colors_info=&#8221;{}&#8221;][\/et_pb_image][et_pb_text _builder_version=&#8221;4.27.0&#8243; _module_preset=&#8221;6b4acfd2-c84f-4149-9939-815a51132853&#8243; header_4_text_color=&#8221;gcid-afa30cf2-6f5d-4b9c-aa39-7dbe1ac3b7a3&#8243; min_height=&#8221;23px&#8221; custom_margin=&#8221;||10px||false|false&#8221; global_colors_info=&#8221;{%22gcid-afa30cf2-6f5d-4b9c-aa39-7dbe1ac3b7a3%22:%91%22header_4_text_color%22%93}&#8221;]<\/p>\n<h4>Programmat\u016bras licenc\u0113\u0161ana<\/h4>\n<p>[\/et_pb_text][et_pb_text _builder_version=&#8221;4.22.1&#8243; _module_preset=&#8221;6dfc4a2b-0bd2-442a-90bb-bacbbe2f75ff&#8221; text_text_color=&#8221;#FFFFFF&#8221; global_colors_info=&#8221;{}&#8221;]<\/p>\n<p>M\u0113s pied\u0101v\u0101jam da\u017e\u0101dus programmat\u016bras licen\u010du pakotnes, kas ir \u012bpa\u0161i piel\u0101gotas j\u016bsu vajadz\u012bb\u0101m. M\u016bsu partneri ir Microsoft, ADOBE un citi programmat\u016bras ra\u017eot\u0101ji.<\/p>\n<p>[\/et_pb_text][\/et_pb_column][\/et_pb_row][\/et_pb_section][et_pb_section fb_built=&#8221;1&#8243; admin_label=&#8221;About&#8221; _builder_version=&#8221;4.22.1&#8243; _module_preset=&#8221;default&#8221; background_color=&#8221;#000000&#8243; collapsed=&#8221;on&#8221; global_colors_info=&#8221;{}&#8221;][et_pb_row column_structure=&#8221;1_2,1_2&#8243; _builder_version=&#8221;4.22.1&#8243; _module_preset=&#8221;default&#8221; global_colors_info=&#8221;{}&#8221;][et_pb_column type=&#8221;1_2&#8243; _builder_version=&#8221;4.22.1&#8243; _module_preset=&#8221;default&#8221; global_colors_info=&#8221;{}&#8221;][et_pb_image src=&#8221;\/wp-content\/uploads\/2024\/05\/augmented-reality-illustration-05@2x.png&#8221; title_text=&#8221;augmented-reality-illustration-05@2x&#8221; _builder_version=&#8221;4.27.0&#8243; _module_preset=&#8221;default&#8221; custom_margin=&#8221;|||-4vw|false|false&#8221; custom_margin_tablet=&#8221;|||0vw|false|false&#8221; custom_margin_phone=&#8221;|||0vw|false|false&#8221; custom_margin_last_edited=&#8221;on|desktop&#8221; scroll_vertical_motion_enable=&#8221;on&#8221; scroll_vertical_motion=&#8221;0|50|50|100|1|0|-1&#8243; scroll_fade_enable=&#8221;on&#8221; scroll_blur_enable=&#8221;on&#8221; scroll_blur=&#8221;0|40|60|100|5px|0px|0px&#8221; global_colors_info=&#8221;{}&#8221; custom_margin__hover_enabled=&#8221;off|desktop&#8221;][\/et_pb_image][\/et_pb_column][et_pb_column type=&#8221;1_2&#8243; _builder_version=&#8221;4.22.1&#8243; _module_preset=&#8221;default&#8221; global_colors_info=&#8221;{}&#8221;][et_pb_text _builder_version=&#8221;4.27.0&#8243; _module_preset=&#8221;57a1fcfe-4417-4ce3-a8b4-425560120bae&#8221; header_4_text_color=&#8221;gcid-afa30cf2-6f5d-4b9c-aa39-7dbe1ac3b7a3&#8243; locked=&#8221;off&#8221; global_colors_info=&#8221;{%22gcid-afa30cf2-6f5d-4b9c-aa39-7dbe1ac3b7a3%22:%91%22header_4_text_color%22%93}&#8221;]<\/p>\n<h4>K\u0101p\u0113c izmantot m\u0101ko\u0146pakalpojumus?<\/h4>\n<p>[\/et_pb_text][et_pb_text _builder_version=&#8221;4.22.1&#8243; _module_preset=&#8221;d3977404-54ba-4972-9e75-b10c18ffd541&#8243; header_2_text_color=&#8221;#FFFFFF&#8221; custom_margin=&#8221;||10px||false|false&#8221; global_colors_info=&#8221;{}&#8221;]<\/p>\n<h2>Dro\u0161\u012bba, Redundance, Viegla p\u0101rvald\u012bba, Elast\u012bba<\/h2>\n<p>[\/et_pb_text][et_pb_text _builder_version=&#8221;4.25.1&#8243; _module_preset=&#8221;516f92f8-fdc6-4bcd-9c31-96855a74ae5c&#8221; text_text_color=&#8221;#FFFFFF&#8221; global_colors_info=&#8221;{}&#8221;]<\/p>\n<p>Lab\u0101kais veids, k\u0101 turpin\u0101t augt ir izmantojot m\u0101ko\u0146pakalpojumus.<\/p>\n<p>[\/et_pb_text][et_pb_cta title=&#8221;Why Us? &#8221; button_url=&#8221;@ET-DC@eyJkeW5hbWljIjp0cnVlLCJjb250ZW50IjoicG9zdF9saW5rX3VybF9wYWdlIiwic2V0dGluZ3MiOnsicG9zdF9pZCI6IjExMiJ9fQ==@&#8221; button_text=&#8221;Learn More&#8221; _builder_version=&#8221;4.27.0&#8243; _dynamic_attributes=&#8221;button_url&#8221; _module_preset=&#8221;bc287767-cd80-4f25-9d0b-972a9732b8eb&#8221; header_font=&#8221;Exo 2||||||||&#8221; header_text_color=&#8221;#000000&#8243; header_font_size=&#8221;20px&#8221; header_line_height=&#8221;1.4em&#8221; body_font=&#8221;Lato||||||||&#8221; body_text_color=&#8221;#000000&#8243; body_font_size=&#8221;16px&#8221; body_line_height=&#8221;1.8em&#8221; button_text_size=&#8221;14px&#8221; button_text_color=&#8221;#FFFFFF&#8221; button_bg_color=&#8221;#000000&#8243; button_border_width=&#8221;0px&#8221; button_border_radius=&#8221;4px&#8221; button_font=&#8221;Exo 2|700||on|||||&#8221; button_icon=&#8221;&#xf0a9;||fa||900&#8243; button_on_hover=&#8221;off&#8221; button_custom_padding=&#8221;12px|42px|12px|24px|true|false&#8221; text_orientation=&#8221;left&#8221; custom_padding=&#8221;30px|30px|30px|30px|true|true&#8221; custom_padding_tablet=&#8221;30px|30px|30px|30px|true|true&#8221; custom_padding_phone=&#8221;20px|20px|20px|20px|true|true&#8221; custom_padding_last_edited=&#8221;on|phone&#8221; header_font_size_tablet=&#8221;16px&#8221; header_font_size_phone=&#8221;15px&#8221; header_font_size_last_edited=&#8221;on|desktop&#8221; body_font_size_tablet=&#8221;15px&#8221; body_font_size_phone=&#8221;14px&#8221; body_font_size_last_edited=&#8221;on|desktop&#8221; border_radii=&#8221;on|10px|10px|10px|10px&#8221; box_shadow_style=&#8221;preset4&#8243; box_shadow_horizontal=&#8221;6px&#8221; box_shadow_vertical=&#8221;-2px&#8221; box_shadow_blur=&#8221;40px&#8221; box_shadow_color=&#8221;rgba(12,245,126,0.7)&#8221; global_colors_info=&#8221;{%22gcid-afa30cf2-6f5d-4b9c-aa39-7dbe1ac3b7a3%22:%91%22background_color%22%93}&#8221; button_text__hover_enabled=&#8221;off|desktop&#8221;]<\/p>\n<p>M\u016bsu komanda sniegs jums vislab\u0101ko pal\u012bdz\u012bbu, izmantojot m\u016bsu pieredzi un zin\u0101\u0161anas, str\u0101d\u0101jot \u0161aj\u0101 nozar\u0113.<\/p>\n<p>[\/et_pb_cta][\/et_pb_column][\/et_pb_row][\/et_pb_section][et_pb_section fb_built=&#8221;1&#8243; admin_label=&#8221;Project&#8221; _builder_version=&#8221;4.27.0&#8243; _module_preset=&#8221;default&#8221; background_color=&#8221;#000000&#8243; use_background_color_gradient=&#8221;on&#8221; background_color_gradient_stops=&#8221;#000000 0%|rgba(0,0,0,0) 50%|#000000 100%&#8221; background_color_gradient_overlays_image=&#8221;on&#8221; background_image=&#8221;\/wp-content\/uploads\/2024\/05\/augmented-reality-illustration-test.png&#8221; parallax=&#8221;on&#8221; custom_padding=&#8221;8vw||16vw||false|false&#8221; collapsed=&#8221;on&#8221; global_colors_info=&#8221;{}&#8221;][et_pb_row column_structure=&#8221;1_2,1_2&#8243; _builder_version=&#8221;4.24.2&#8243; _module_preset=&#8221;default&#8221; global_colors_info=&#8221;{}&#8221;][et_pb_column type=&#8221;1_2&#8243; _builder_version=&#8221;4.22.1&#8243; _module_preset=&#8221;default&#8221; global_colors_info=&#8221;{}&#8221;][et_pb_text _builder_version=&#8221;4.22.1&#8243; _module_preset=&#8221;d3977404-54ba-4972-9e75-b10c18ffd541&#8243; header_2_text_color=&#8221;#FFFFFF&#8221; custom_margin=&#8221;||10px||false|false&#8221; global_colors_info=&#8221;{}&#8221;]<\/p>\n<h2>Web izstr\u0101de<\/h2>\n<p>[\/et_pb_text][et_pb_text _builder_version=&#8221;4.27.0&#8243; _module_preset=&#8221;516f92f8-fdc6-4bcd-9c31-96855a74ae5c&#8221; text_text_color=&#8221;#FFFFFF&#8221; global_colors_info=&#8221;{}&#8221;]<\/p>\n<p><span>Izcils t\u012bmek\u013ca dizains ir b\u016btisks biznesa pan\u0101kumiem, t\u0101p\u0113c m\u0113s pied\u0101v\u0101jam piel\u0101gotus dizaina risin\u0101jumus, kas nevainojami integr\u0113jas m\u016bsu m\u0101ko\u0146infrastrukt\u016br\u0101. M\u016bsu talant\u012bg\u0101 komanda sadarbojas, lai izveidotu vizu\u0101li pievilc\u012bgas un lietot\u0101jam draudz\u012bgas vietnes, kas uzlabo j\u016bsu z\u012bmolu un optimiz\u0113 sniegumu. Apvienojot inovat\u012bvu dizainu ar jaud\u012bg\u0101m m\u0101ko\u0146a iesp\u0113j\u0101m, m\u0113s pal\u012bdzam uz\u0146\u0113mumiem plaukt digit\u0101laj\u0101 vid\u0113 un sasniegt to pilnu potenci\u0101lu.<\/span><\/p>\n<p>[\/et_pb_text][\/et_pb_column][et_pb_column type=&#8221;1_2&#8243; _builder_version=&#8221;4.22.1&#8243; _module_preset=&#8221;default&#8221; global_colors_info=&#8221;{}&#8221;][\/et_pb_column][\/et_pb_row][\/et_pb_section][et_pb_section fb_built=&#8221;1&#8243; admin_label=&#8221;Call to Action&#8221; _builder_version=&#8221;4.24.2&#8243; _module_preset=&#8221;default&#8221; background_color=&#8221;#000000&#8243; custom_padding=&#8221;6vw||6vw||true|false&#8221; saved_tabs=&#8221;all&#8221; collapsed=&#8221;on&#8221; global_colors_info=&#8221;{}&#8221;][et_pb_row _builder_version=&#8221;4.27.0&#8243; _module_preset=&#8221;default&#8221; background_image=&#8221;\/wp-content\/uploads\/2024\/05\/augmented-reality-background-01@2x.png&#8221; custom_padding=&#8221;8vw|8vw|8vw|8vw|true|true&#8221; global_colors_info=&#8221;{%22gcid-143aa564-2dbe-4a69-aba4-6587f516793c%22:%91%22background_color_gradient_stops%22%93}&#8221;][et_pb_column type=&#8221;4_4&#8243; _builder_version=&#8221;4.22.1&#8243; _module_preset=&#8221;default&#8221; global_colors_info=&#8221;{}&#8221;][et_pb_text _builder_version=&#8221;4.24.2&#8243; _module_preset=&#8221;57a1fcfe-4417-4ce3-a8b4-425560120bae&#8221; header_4_text_color=&#8221;gcid-afa30cf2-6f5d-4b9c-aa39-7dbe1ac3b7a3&#8243; text_orientation=&#8221;center&#8221; global_colors_info=&#8221;{%22gcid-afa30cf2-6f5d-4b9c-aa39-7dbe1ac3b7a3%22:%91%22header_4_text_color%22%93}&#8221;]<\/p>\n<h4>Pievienojies<\/h4>\n<p>[\/et_pb_text][et_pb_text _builder_version=&#8221;4.22.1&#8243; _module_preset=&#8221;d3977404-54ba-4972-9e75-b10c18ffd541&#8243; header_2_text_color=&#8221;#FFFFFF&#8221; text_orientation=&#8221;center&#8221; global_colors_info=&#8221;{}&#8221;]<\/p>\n<h2>B\u016bv\u0113sim n\u0101kotni kop\u0101!<\/h2>\n<p>[\/et_pb_text][et_pb_button button_url=&#8221;@ET-DC@eyJkeW5hbWljIjp0cnVlLCJjb250ZW50IjoicG9zdF9saW5rX3VybF9wYWdlIiwic2V0dGluZ3MiOnsicG9zdF9pZCI6IjEyMiJ9fQ==@&#8221; button_text=&#8221;Contact us for more&#8221; button_alignment=&#8221;center&#8221; _builder_version=&#8221;4.27.0&#8243; _dynamic_attributes=&#8221;button_url&#8221; _module_preset=&#8221;944c589c-4965-4896-9da2-a669a141ca86&#8243; global_colors_info=&#8221;{}&#8221;][\/et_pb_button][\/et_pb_column][\/et_pb_row][\/et_pb_section]<\/p>","protected":false},"excerpt":{"rendered":"<p>Unlock your cloud potential\u00a0Scale your business with the best cloud solutionsWhat We DoCloud integrationOur dedicated team at TIBERIUM is ready to assist you in seamlessly integrating AZURE cloud services into your organizational framework, boosting your operational efficiency while enhancing scalability and fortifying your data security.Web DesignWe offer tailored websites that reflect your identity and engage [&hellip;]<\/p>","protected":false},"author":2,"featured_media":0,"parent":0,"menu_order":0,"comment_status":"closed","ping_status":"closed","template":"","meta":{"_et_pb_use_builder":"on","_et_pb_old_content":"","_et_gb_content_width":"","footnotes":""},"class_list":["post-96","page","type-page","status-publish","hentry"],"_links":{"self":[{"href":"https:\/\/tiberium.lv\/lv\/wp-json\/wp\/v2\/pages\/96","targetHints":{"allow":["GET"]}}],"collection":[{"href":"https:\/\/tiberium.lv\/lv\/wp-json\/wp\/v2\/pages"}],"about":[{"href":"https:\/\/tiberium.lv\/lv\/wp-json\/wp\/v2\/types\/page"}],"author":[{"embeddable":true,"href":"https:\/\/tiberium.lv\/lv\/wp-json\/wp\/v2\/users\/2"}],"replies":[{"embeddable":true,"href":"https:\/\/tiberium.lv\/lv\/wp-json\/wp\/v2\/comments?post=96"}],"version-history":[{"count":0,"href":"https:\/\/tiberium.lv\/lv\/wp-json\/wp\/v2\/pages\/96\/revisions"}],"wp:attachment":[{"href":"https:\/\/tiberium.lv\/lv\/wp-json\/wp\/v2\/media?parent=96"}],"curies":[{"name":"wp","href":"https:\/\/api.w.org\/{rel}","templated":true}]}}