{"id":112,"date":"2024-05-30T19:43:44","date_gmt":"2024-05-30T16:43:44","guid":{"rendered":"https:\/\/tiberium-wp-staging.azurewebsites.net\/?page_id=112"},"modified":"2025-06-03T17:46:38","modified_gmt":"2025-06-03T14:46:38","slug":"about","status":"publish","type":"page","link":"https:\/\/tiberium.lv\/lv\/about\/","title":{"rendered":"About"},"content":{"rendered":"<p>[et_pb_section fb_built=&#8221;1&#8243; admin_label=&#8221;About&#8221; _builder_version=&#8221;4.22.1&#8243; _module_preset=&#8221;default&#8221; background_color=&#8221;#000000&#8243; locked=&#8221;off&#8221; collapsed=&#8221;on&#8221; global_colors_info=&#8221;{}&#8221;][et_pb_row column_structure=&#8221;1_2,1_2&#8243; make_equal=&#8221;on&#8221; _builder_version=&#8221;4.22.1&#8243; _module_preset=&#8221;default&#8221; global_colors_info=&#8221;{}&#8221;][et_pb_column type=&#8221;1_2&#8243; _builder_version=&#8221;4.22.1&#8243; _module_preset=&#8221;default&#8221; custom_padding=&#8221;60px||60px||true|false&#8221; custom_padding_tablet=&#8221;0px||0px||true|false&#8221; custom_padding_phone=&#8221;0px||0px||true|false&#8221; custom_padding_last_edited=&#8221;on|desktop&#8221; global_colors_info=&#8221;{}&#8221;][et_pb_text _builder_version=&#8221;4.22.1&#8243; _module_preset=&#8221;b6857a5f-9246-4da6-a1cc-034e63c9eff0&#8243; header_4_text_color=&#8221;gcid-afa30cf2-6f5d-4b9c-aa39-7dbe1ac3b7a3&#8243; global_colors_info=&#8221;{%22gcid-afa30cf2-6f5d-4b9c-aa39-7dbe1ac3b7a3%22:%91%22header_4_text_color%22%93}&#8221;]<\/p>\n<h4>M\u016bsu pieeja<\/h4>\n<p>[\/et_pb_text][et_pb_text _builder_version=&#8221;4.22.1&#8243; _module_preset=&#8221;8d9e7f0a-f836-4552-9b3b-558b1a84c0f2&#8243; header_2_text_color=&#8221;#FFFFFF&#8221; custom_margin=&#8221;||10px||false|false&#8221; global_colors_info=&#8221;{}&#8221;]<\/p>\n<h2>Augstas kalit\u0101tes m\u0101ko\u0146risin\u0101jumi<\/h2>\n<p>[\/et_pb_text][et_pb_text _builder_version=&#8221;4.27.0&#8243; _module_preset=&#8221;06577275-275e-40d5-b047-99c14883b9f9&#8243; text_text_color=&#8221;#FFFFFF&#8221; global_colors_info=&#8221;{}&#8221;]<\/p>\n<p>M\u0113s specializ\u0113jas m\u0101ko\u0146a pakalpojumu integr\u0101cij\u0101, migr\u0101cij\u0101 un dizain\u0101, padarot j\u016bsu p\u0101reju uz m\u0101koni vienk\u0101r\u0161u un efekt\u012bvu. M\u0113s pied\u0101v\u0101jam ar\u012b izcilus t\u012bmek\u013ca dizaina un programmat\u016bras licenc\u0113\u0161anas risin\u0101jumus, kas ir piel\u0101goti j\u016bsu unik\u0101laj\u0101m pras\u012bb\u0101m. M\u016bsu komanda jums sniegs visus nepiecie\u0161amos risin\u0101jumus, lai j\u016bsu uz\u0146\u0113mumu padar\u012btu tehnolo\u0123iski konkur\u0113tsp\u0113j\u012bgu. Ar TIBERIUM varat pa\u013cauties, ka m\u0113s p\u0101rveidosim j\u016bsu digit\u0101lo vidi ar precizit\u0101ti un izcil\u012bbu.<\/p>\n<p>[\/et_pb_text][\/et_pb_column][et_pb_column type=&#8221;1_2&#8243; _builder_version=&#8221;4.22.1&#8243; _module_preset=&#8221;default&#8221; background_image=&#8221;https:\/\/tiberiumwp-92959741ee94be09-endpoint.azureedge.net\/blobtiberiumwp63346bdf0a\/wp-content\/uploads\/2024\/05\/augmented-reality-5.jpg&#8221; global_colors_info=&#8221;{}&#8221;][et_pb_divider show_divider=&#8221;off&#8221; _builder_version=&#8221;4.22.1&#8243; _module_preset=&#8221;default&#8221; height_tablet=&#8221;50vw&#8221; height_phone=&#8221;50vw&#8221; height_last_edited=&#8221;on|tablet&#8221; global_colors_info=&#8221;{}&#8221;][\/et_pb_divider][\/et_pb_column][\/et_pb_row][\/et_pb_section][et_pb_section fb_built=&#8221;1&#8243; admin_label=&#8221;Stats&#8221; _builder_version=&#8221;4.24.2&#8243; _module_preset=&#8221;default&#8221; background_color=&#8221;#000000&#8243; collapsed=&#8221;on&#8221; global_colors_info=&#8221;{}&#8221;][et_pb_row column_structure=&#8221;2_5,3_5&#8243; _builder_version=&#8221;4.22.1&#8243; _module_preset=&#8221;default&#8221; global_colors_info=&#8221;{}&#8221;][et_pb_column type=&#8221;2_5&#8243; _builder_version=&#8221;4.22.1&#8243; _module_preset=&#8221;default&#8221; global_colors_info=&#8221;{}&#8221;][\/et_pb_column][et_pb_column type=&#8221;3_5&#8243; _builder_version=&#8221;4.22.1&#8243; _module_preset=&#8221;default&#8221; global_colors_info=&#8221;{}&#8221;][et_pb_text _builder_version=&#8221;4.24.2&#8243; _module_preset=&#8221;8d9e7f0a-f836-4552-9b3b-558b1a84c0f2&#8243; header_2_text_color=&#8221;#FFFFFF&#8221; global_colors_info=&#8221;{}&#8221;]<\/p>\n<h2>Ko m\u0113s pied\u0101v\u0101jam<\/h2>\n<p>[\/et_pb_text][\/et_pb_column][\/et_pb_row][et_pb_row column_structure=&#8221;2_5,3_5&#8243; _builder_version=&#8221;4.22.1&#8243; _module_preset=&#8221;default&#8221; global_colors_info=&#8221;{}&#8221;][et_pb_column type=&#8221;2_5&#8243; _builder_version=&#8221;4.22.1&#8243; _module_preset=&#8221;default&#8221; global_colors_info=&#8221;{}&#8221;][et_pb_image src=&#8221;\/wp-content\/uploads\/2024\/05\/Augmented-Reality_Icon-@2x-3.png&#8221; title_text=&#8221;Augmented-Reality_Icon-@2x-3&#8243; align=&#8221;center&#8221; align_tablet=&#8221;left&#8221; align_phone=&#8221;left&#8221; align_last_edited=&#8221;on|tablet&#8221; _builder_version=&#8221;4.27.0&#8243; _module_preset=&#8221;default&#8221; global_colors_info=&#8221;{}&#8221;][\/et_pb_image][\/et_pb_column][et_pb_column type=&#8221;3_5&#8243; _builder_version=&#8221;4.22.1&#8243; _module_preset=&#8221;default&#8221; global_colors_info=&#8221;{}&#8221;][et_pb_text _builder_version=&#8221;4.24.2&#8243; _module_preset=&#8221;cce216bd-eafc-432f-9883-562bf6fed5b4&#8243; header_4_text_color=&#8221;#FFFFFF&#8221; custom_margin=&#8221;||10px||false|false&#8221; global_colors_info=&#8221;{}&#8221;]<\/p>\n<h4>Web dizains<\/h4>\n<p>[\/et_pb_text][et_pb_text _builder_version=&#8221;4.27.0&#8243; _module_preset=&#8221;d42b7879-0fcc-4955-91da-fbec3f4ed678&#8243; text_text_color=&#8221;rgba(255,255,255,0.7)&#8221; global_colors_info=&#8221;{}&#8221;]<\/p>\n<p>J\u016bsu vietne ir vair\u0101k nek\u0101 tikai tie\u0161saistes kl\u0101tb\u016btne; t\u0101 ir j\u016bsu z\u012bmola identit\u0101tes iemiesojums. M\u0113s specializ\u0113jamies t\u012bmek\u013ca dizain\u0101, kas skaisti apvieno vizu\u0101lo pievilc\u012bbu ar praktisku funkcionalit\u0101ti, lai uzlabotu lietot\u0101ja pieredzi. M\u0113s cie\u0161i sadarbosimies ar jums, lai \u012bstenotu j\u016bsu redz\u0113jumu, piel\u0101gojot katru elementu, lai sazin\u0101tos ar j\u016bsu m\u0113r\u0137auditoriju.<\/p>\n<p>[\/et_pb_text][\/et_pb_column][\/et_pb_row][et_pb_row column_structure=&#8221;2_5,3_5&#8243; _builder_version=&#8221;4.22.1&#8243; _module_preset=&#8221;default&#8221; global_colors_info=&#8221;{}&#8221;][et_pb_column type=&#8221;2_5&#8243; _builder_version=&#8221;4.22.1&#8243; _module_preset=&#8221;default&#8221; global_colors_info=&#8221;{}&#8221;][et_pb_image src=&#8221;\/wp-content\/uploads\/2024\/05\/Augmented-Reality_Icon-@2x-18.png&#8221; title_text=&#8221;Augmented-Reality_Icon-@2x-18&#8243; align=&#8221;center&#8221; align_tablet=&#8221;left&#8221; align_phone=&#8221;left&#8221; align_last_edited=&#8221;on|tablet&#8221; _builder_version=&#8221;4.27.0&#8243; _module_preset=&#8221;default&#8221; locked=&#8221;off&#8221; global_colors_info=&#8221;{}&#8221;][\/et_pb_image][\/et_pb_column][et_pb_column type=&#8221;3_5&#8243; _builder_version=&#8221;4.22.1&#8243; _module_preset=&#8221;default&#8221; global_colors_info=&#8221;{}&#8221;][et_pb_text _builder_version=&#8221;4.27.0&#8243; _module_preset=&#8221;cce216bd-eafc-432f-9883-562bf6fed5b4&#8243; header_4_text_color=&#8221;#FFFFFF&#8221; custom_margin=&#8221;||10px||false|false&#8221; global_colors_info=&#8221;{}&#8221;]<\/p>\n<h4>M\u0101ko\u0146a infrastrukt\u016bras dizains un migr\u0101cija<\/h4>\n<p>[\/et_pb_text][et_pb_text _builder_version=&#8221;4.27.0&#8243; _module_preset=&#8221;d42b7879-0fcc-4955-91da-fbec3f4ed678&#8243; text_text_color=&#8221;rgba(255,255,255,0.7)&#8221; global_colors_info=&#8221;{}&#8221;]<\/p>\n<p>P\u0101reja uz m\u0101koni ir noz\u012bm\u012bgs strat\u0113\u0123isks solis j\u016bsu biznesam, un TIBERIUM ir \u0161eit, lai pal\u012bdz\u0113tu jums ik uz so\u013ca. M\u0113s izv\u0113rt\u0113jam j\u016bsu eso\u0161o infrastrukt\u016bru, lai izstr\u0101d\u0101tu piel\u0101gotu migr\u0101cijas strat\u0113\u0123iju, kas atbilst j\u016bsu m\u0113r\u0137iem. Izmantojot modernas m\u0101ko\u0146a tehnolo\u0123ijas, m\u0113s nodro\u0161in\u0101m vienm\u0113r\u012bgu p\u0101reju, kas uzlabo darb\u012bbas efektivit\u0101ti un elast\u012bbu.<\/p>\n<p>[\/et_pb_text][\/et_pb_column][\/et_pb_row][et_pb_row column_structure=&#8221;2_5,3_5&#8243; _builder_version=&#8221;4.22.1&#8243; _module_preset=&#8221;default&#8221; global_colors_info=&#8221;{}&#8221;][et_pb_column type=&#8221;2_5&#8243; _builder_version=&#8221;4.22.1&#8243; _module_preset=&#8221;default&#8221; global_colors_info=&#8221;{}&#8221;][et_pb_image src=&#8221;\/wp-content\/uploads\/2024\/05\/Augmented-Reality_Icon-@2x-6.png&#8221; title_text=&#8221;Augmented-Reality_Icon-@2x-6&#8243; align=&#8221;center&#8221; align_tablet=&#8221;left&#8221; align_phone=&#8221;left&#8221; align_last_edited=&#8221;on|tablet&#8221; _builder_version=&#8221;4.27.0&#8243; _module_preset=&#8221;default&#8221; locked=&#8221;off&#8221; global_colors_info=&#8221;{}&#8221;][\/et_pb_image][\/et_pb_column][et_pb_column type=&#8221;3_5&#8243; _builder_version=&#8221;4.22.1&#8243; _module_preset=&#8221;default&#8221; global_colors_info=&#8221;{}&#8221;][et_pb_text _builder_version=&#8221;4.22.1&#8243; _module_preset=&#8221;cce216bd-eafc-432f-9883-562bf6fed5b4&#8243; header_4_text_color=&#8221;#FFFFFF&#8221; custom_margin=&#8221;||10px||false|false&#8221; global_colors_info=&#8221;{}&#8221;]<\/p>\n<h4>Programmat\u016bras licenc\u0113\u0161ana<\/h4>\n<p>[\/et_pb_text][et_pb_text _builder_version=&#8221;4.27.0&#8243; _module_preset=&#8221;d42b7879-0fcc-4955-91da-fbec3f4ed678&#8243; text_text_color=&#8221;rgba(255,255,255,0.7)&#8221; global_colors_info=&#8221;{}&#8221;]We excel at securing the best deals for your software licensing needs. Partnering with industry leaders like Microsoft and Adobe, we bring you competitive pricing and tailored solutions. Let us help you navigate the licensing landscape and maximize your investment.[\/et_pb_text][\/et_pb_column][\/et_pb_row][et_pb_row column_structure=&#8221;2_5,3_5&#8243; _builder_version=&#8221;4.22.1&#8243; _module_preset=&#8221;default&#8221; global_colors_info=&#8221;{}&#8221;][et_pb_column type=&#8221;2_5&#8243; _builder_version=&#8221;4.22.1&#8243; _module_preset=&#8221;default&#8221; global_colors_info=&#8221;{}&#8221;][et_pb_image src=&#8221;\/wp-content\/uploads\/2024\/05\/Augmented-Reality_Icon-@2x-9.png&#8221; title_text=&#8221;Augmented-Reality_Icon-@2x-9&#8243; align=&#8221;center&#8221; align_tablet=&#8221;left&#8221; align_phone=&#8221;left&#8221; align_last_edited=&#8221;on|tablet&#8221; _builder_version=&#8221;4.27.0&#8243; _module_preset=&#8221;default&#8221; locked=&#8221;off&#8221; global_colors_info=&#8221;{}&#8221;][\/et_pb_image][\/et_pb_column][et_pb_column type=&#8221;3_5&#8243; _builder_version=&#8221;4.22.1&#8243; _module_preset=&#8221;default&#8221; global_colors_info=&#8221;{}&#8221;][et_pb_text _builder_version=&#8221;4.27.0&#8243; _module_preset=&#8221;cce216bd-eafc-432f-9883-562bf6fed5b4&#8243; header_4_text_color=&#8221;#FFFFFF&#8221; custom_margin=&#8221;||10px||false|false&#8221; global_colors_info=&#8221;{}&#8221;]<\/p>\n<h4>MI r\u012bku integr\u0113\u0161ana<\/h4>\n<p>[\/et_pb_text][et_pb_text _builder_version=&#8221;4.27.0&#8243; _module_preset=&#8221;d42b7879-0fcc-4955-91da-fbec3f4ed678&#8243; text_text_color=&#8221;rgba(255,255,255,0.7)&#8221; global_colors_info=&#8221;{}&#8221;]We explore cutting-edge technology, especially artificial intelligence, to provide innovative solutions. Our team doesn&#8217;t just track advancements; we integrate these tools into your business, boosting productivity and fostering creativity. With our expertise, you can confidently embrace AI and transform your organization for the future.[\/et_pb_text][\/et_pb_column][\/et_pb_row][\/et_pb_section][et_pb_section fb_built=&#8221;1&#8243; admin_label=&#8221;Header&#8221; _builder_version=&#8221;4.23.1&#8243; _module_preset=&#8221;default&#8221; background_color=&#8221;#000000&#8243; use_background_color_gradient=&#8221;on&#8221; background_color_gradient_stops=&#8221;#000000 0%|gcid-143aa564-2dbe-4a69-aba4-6587f516793c 100%&#8221; custom_padding=&#8221;6vw||6vw||true|false&#8221; collapsed=&#8221;on&#8221; global_colors_info=&#8221;{%22gcid-143aa564-2dbe-4a69-aba4-6587f516793c%22:%91%22background_color_gradient_stops%22%93}&#8221;][\/et_pb_section][et_pb_section fb_built=&#8221;1&#8243; admin_label=&#8221;Mission &#038; Vision&#8221; _builder_version=&#8221;4.22.1&#8243; _module_preset=&#8221;default&#8221; background_color=&#8221;#000000&#8243; collapsed=&#8221;on&#8221; global_colors_info=&#8221;{}&#8221;][et_pb_row column_structure=&#8221;1_2,1_2&#8243; _builder_version=&#8221;4.25.1&#8243; _module_preset=&#8221;default&#8221; width=&#8221;100%&#8221; custom_padding=&#8221;||27px|||&#8221; global_colors_info=&#8221;{}&#8221;][et_pb_column type=&#8221;1_2&#8243; _builder_version=&#8221;4.22.1&#8243; _module_preset=&#8221;default&#8221; global_colors_info=&#8221;{}&#8221;][et_pb_text _builder_version=&#8221;4.25.1&#8243; _module_preset=&#8221;2b5087a3-d684-4402-90cc-9d261592c9dd&#8221; header_3_text_color=&#8221;#FFFFFF&#8221; custom_margin=&#8221;||10px||false|false&#8221; custom_padding=&#8221;|21px||||&#8221; global_colors_info=&#8221;{}&#8221;]<\/p>\n<h3>Rekviz\u012bti<\/h3>\n<p>[\/et_pb_text][et_pb_text _builder_version=&#8221;4.27.0&#8243; _module_preset=&#8221;06577275-275e-40d5-b047-99c14883b9f9&#8243; text_text_color=&#8221;#FFFFFF&#8221; custom_margin=&#8221;|0px||||&#8221; custom_padding=&#8221;||0px|||&#8221; global_colors_info=&#8221;{}&#8221;]<\/p>\n<p><strong>TIBERIUM, SIA<\/strong><br \/><span>Re\u0123. nr. 45403039717<\/span><br \/><span>PVN nr. LV45403039717<\/span><br \/><span>&#8220;Kalni<\/span><span><\/span><span>&#8220;, Vestienas pag., Madonas nov., LV-4855<\/span><br \/><span>SEPA ID: LV24ZZZ45403039717<\/span><\/p>\n<p class=\"translation-block\"><span>BANKA:<\/span><br><span>Luminor Bank AS Latvijas fili\u0101le<\/span><br><span>SWIFT kods: RIKOLV2X<\/span><br><span>EUR Konts: LV98RIKO0000084157869<\/span><\/p>\n<p>[\/et_pb_text][\/et_pb_column][et_pb_column type=&#8221;1_2&#8243; _builder_version=&#8221;4.22.1&#8243; _module_preset=&#8221;default&#8221; global_colors_info=&#8221;{}&#8221;][et_pb_image src=&#8221;\/wp-content\/uploads\/2024\/05\/augmented-reality-illustration-07@2x.png&#8221; title_text=&#8221;augmented-reality-illustration-07@2x&#8221; _builder_version=&#8221;4.27.0&#8243; _module_preset=&#8221;default&#8221; width=&#8221;77%&#8221; custom_margin=&#8221;||4px|||&#8221; global_colors_info=&#8221;{}&#8221;][\/et_pb_image][\/et_pb_column][\/et_pb_row][et_pb_row _builder_version=&#8221;4.27.0&#8243; _module_preset=&#8221;default&#8221; background_image=&#8221;\/wp-content\/uploads\/2024\/05\/augmented-reality-background-01@2x.png&#8221; parallax=&#8221;on&#8221; max_width=&#8221;1280px&#8221; custom_padding=&#8221;10vw|8vw|10vw|8vw|true|true&#8221; global_colors_info=&#8221;{%22gcid-143aa564-2dbe-4a69-aba4-6587f516793c%22:%91%22background_color_gradient_stops%22%93}&#8221;][et_pb_column type=&#8221;4_4&#8243; _builder_version=&#8221;4.22.1&#8243; _module_preset=&#8221;default&#8221; global_colors_info=&#8221;{}&#8221;][et_pb_text _builder_version=&#8221;4.25.1&#8243; _module_preset=&#8221;b6857a5f-9246-4da6-a1cc-034e63c9eff0&#8243; header_4_text_color=&#8221;gcid-afa30cf2-6f5d-4b9c-aa39-7dbe1ac3b7a3&#8243; text_orientation=&#8221;center&#8221; global_colors_info=&#8221;{%22gcid-afa30cf2-6f5d-4b9c-aa39-7dbe1ac3b7a3%22:%91%22header_4_text_color%22%93}&#8221;]<\/p>\n<h4>Papla\u0161ini savu n\u0101kotni<\/h4>\n<p>[\/et_pb_text][et_pb_text _builder_version=&#8221;4.22.1&#8243; _module_preset=&#8221;c11c127b-661d-4633-8a13-ce564eb79088&#8243; header_text_color=&#8221;#FFFFFF&#8221; text_orientation=&#8221;center&#8221; global_colors_info=&#8221;{}&#8221;]<\/p>\n<h1>TIBERIUM<\/h1>\n<p>[\/et_pb_text][et_pb_button button_url=&#8221;@ET-DC@eyJkeW5hbWljIjp0cnVlLCJjb250ZW50IjoicG9zdF9saW5rX3VybF9wYWdlIiwic2V0dGluZ3MiOnsicG9zdF9pZCI6IjEyMiJ9fQ==@&#8221; button_text=&#8221;Contact us&#8221; button_alignment=&#8221;center&#8221; _builder_version=&#8221;4.27.0&#8243; _dynamic_attributes=&#8221;button_url&#8221; _module_preset=&#8221;be1e338a-2d8f-485f-8b78-030f1fb3a5d0&#8243; global_colors_info=&#8221;{}&#8221;][\/et_pb_button][\/et_pb_column][\/et_pb_row][\/et_pb_section]<\/p>","protected":false},"excerpt":{"rendered":"<p>Our ApproachHigh Quality Cloud solutionsAt TIBERIUM, we specialize in cloud integration, migration, and design, making your transition to the cloud smooth and efficient. We also provide exceptional web design and software licensing solutions, tailored to fit your unique requirements. Our team of experts is committed to delivering exactly what you need, ensuring your business has [&hellip;]<\/p>","protected":false},"author":2,"featured_media":0,"parent":0,"menu_order":0,"comment_status":"closed","ping_status":"closed","template":"","meta":{"_et_pb_use_builder":"on","_et_pb_old_content":"","_et_gb_content_width":"","footnotes":""},"class_list":["post-112","page","type-page","status-publish","hentry"],"_links":{"self":[{"href":"https:\/\/tiberium.lv\/lv\/wp-json\/wp\/v2\/pages\/112","targetHints":{"allow":["GET"]}}],"collection":[{"href":"https:\/\/tiberium.lv\/lv\/wp-json\/wp\/v2\/pages"}],"about":[{"href":"https:\/\/tiberium.lv\/lv\/wp-json\/wp\/v2\/types\/page"}],"author":[{"embeddable":true,"href":"https:\/\/tiberium.lv\/lv\/wp-json\/wp\/v2\/users\/2"}],"replies":[{"embeddable":true,"href":"https:\/\/tiberium.lv\/lv\/wp-json\/wp\/v2\/comments?post=112"}],"version-history":[{"count":0,"href":"https:\/\/tiberium.lv\/lv\/wp-json\/wp\/v2\/pages\/112\/revisions"}],"wp:attachment":[{"href":"https:\/\/tiberium.lv\/lv\/wp-json\/wp\/v2\/media?parent=112"}],"curies":[{"name":"wp","href":"https:\/\/api.w.org\/{rel}","templated":true}]}}